{"id":1418,"date":"2023-11-02T17:44:31","date_gmt":"2023-11-02T20:44:31","guid":{"rendered":"https:\/\/www.vinpac.com.ar\/medidas-de-los-contenedores\/"},"modified":"2023-11-27T20:00:17","modified_gmt":"2023-11-27T23:00:17","slug":"medidas-de-los-contenedores","status":"publish","type":"page","link":"https:\/\/www.vinpac.com.ar\/en\/medidas-de-los-contenedores\/","title":{"rendered":"Types of containers"},"content":{"rendered":"\t\t<div data-elementor-type=\"wp-page\" data-elementor-id=\"1418\" class=\"elementor elementor-1418 elementor-1001\" data-elementor-post-type=\"page\">\n\t\t\t\t\t\t\t<div class=\"elementor-element elementor-element-335c224 e-flex e-con-boxed elementor-invisible e-con e-parent\" data-id=\"335c224\" data-element_type=\"container\" data-settings=\"{&quot;background_background&quot;:&quot;classic&quot;,&quot;animation&quot;:&quot;fadeIn&quot;,&quot;content_width&quot;:&quot;boxed&quot;}\" data-core-v316-plus=\"true\">\n\t\t\t\t\t<div class=\"e-con-inner\">\n\t\t\t\t\t<\/div>\n\t\t\t\t<\/div>\n\t\t<div class=\"elementor-element elementor-element-4d08f86 e-flex e-con-boxed e-con e-parent\" data-id=\"4d08f86\" data-element_type=\"container\" data-settings=\"{&quot;background_background&quot;:&quot;classic&quot;,&quot;content_width&quot;:&quot;boxed&quot;}\" data-core-v316-plus=\"true\">\n\t\t\t\t\t<div class=\"e-con-inner\">\n\t\t<div class=\"elementor-element elementor-element-15c4dfc e-flex e-con-boxed elementor-invisible e-con e-child\" data-id=\"15c4dfc\" data-element_type=\"container\" data-settings=\"{&quot;animation&quot;:&quot;fadeInRight&quot;,&quot;animation_delay&quot;:400,&quot;content_width&quot;:&quot;boxed&quot;}\">\n\t\t\t\t\t<div class=\"e-con-inner\">\n\t\t<div class=\"elementor-element elementor-element-d5eeb99 e-con-full e-flex e-con e-child\" data-id=\"d5eeb99\" data-element_type=\"container\" data-settings=\"{&quot;content_width&quot;:&quot;full&quot;}\">\n\t\t\t\t<div class=\"elementor-element elementor-element-8ec1489 elementor-widget elementor-widget-heading\" data-id=\"8ec1489\" data-element_type=\"widget\" data-widget_type=\"heading.default\">\n\t\t\t\t<div class=\"elementor-widget-container\">\n\t\t\t<h3 class=\"elementor-heading-title elementor-size-default\">TOOLS<\/h3>\t\t<\/div>\n\t\t\t\t<\/div>\n\t\t\t\t<\/div>\n\t\t<div class=\"elementor-element elementor-element-395466c e-con-full e-flex e-con e-child\" data-id=\"395466c\" data-element_type=\"container\" data-settings=\"{&quot;content_width&quot;:&quot;full&quot;}\">\n\t\t\t\t<div class=\"elementor-element elementor-element-e29daaa elementor-widget-divider--view-line elementor-widget elementor-widget-divider\" data-id=\"e29daaa\" data-element_type=\"widget\" data-widget_type=\"divider.default\">\n\t\t\t\t<div class=\"elementor-widget-container\">\n\t\t\t\t\t<div class=\"elementor-divider\">\n\t\t\t<span class=\"elementor-divider-separator\">\n\t\t\t\t\t\t<\/span>\n\t\t<\/div>\n\t\t\t\t<\/div>\n\t\t\t\t<\/div>\n\t\t\t\t<\/div>\n\t\t\t\t\t<\/div>\n\t\t\t\t<\/div>\n\t\t<div class=\"elementor-element elementor-element-54fb0f1 e-con-full e-flex e-con e-child\" data-id=\"54fb0f1\" data-element_type=\"container\" data-settings=\"{&quot;content_width&quot;:&quot;full&quot;}\">\n\t\t<div class=\"elementor-element elementor-element-039b083 e-con-full e-flex elementor-invisible e-con e-child\" data-id=\"039b083\" data-element_type=\"container\" data-settings=\"{&quot;content_width&quot;:&quot;full&quot;,&quot;animation&quot;:&quot;fadeInUp&quot;,&quot;animation_delay&quot;:600}\">\n\t\t\t\t<div class=\"elementor-element elementor-element-706048d elementor-widget elementor-widget-heading\" data-id=\"706048d\" data-element_type=\"widget\" data-widget_type=\"heading.default\">\n\t\t\t\t<div class=\"elementor-widget-container\">\n\t\t\t<h3 class=\"elementor-heading-title elementor-size-default\">Types of containers<\/h3>\t\t<\/div>\n\t\t\t\t<\/div>\n\t\t\t\t<\/div>\n\t\t\t\t<\/div>\n\t\t<div class=\"elementor-element elementor-element-5b0741f e-con-full e-flex elementor-invisible e-con e-child\" data-id=\"5b0741f\" data-element_type=\"container\" data-settings=\"{&quot;content_width&quot;:&quot;full&quot;,&quot;animation&quot;:&quot;zoomIn&quot;,&quot;animation_delay&quot;:800}\">\n\t\t\t\t<div class=\"elementor-element elementor-element-4240a12 elementor-hidden-mobile elementor-widget elementor-widget-image\" data-id=\"4240a12\" data-element_type=\"widget\" data-widget_type=\"image.default\">\n\t\t\t\t<div class=\"elementor-widget-container\">\n\t\t\t\t\t\t\t\t\t\t\t\t\t\t\t<img fetchpriority=\"high\" decoding=\"async\" width=\"1800\" height=\"1162\" src=\"https:\/\/www.vinpac.com.ar\/wp-content\/uploads\/2023\/11\/cuadro-eng.png\" class=\"attachment-full size-full wp-image-1505\" alt=\"\" srcset=\"https:\/\/www.vinpac.com.ar\/wp-content\/uploads\/2023\/11\/cuadro-eng.png 1800w, https:\/\/www.vinpac.com.ar\/wp-content\/uploads\/2023\/11\/cuadro-eng-300x194.png 300w, https:\/\/www.vinpac.com.ar\/wp-content\/uploads\/2023\/11\/cuadro-eng-1024x661.png 1024w, https:\/\/www.vinpac.com.ar\/wp-content\/uploads\/2023\/11\/cuadro-eng-768x496.png 768w, https:\/\/www.vinpac.com.ar\/wp-content\/uploads\/2023\/11\/cuadro-eng-1536x992.png 1536w\" sizes=\"(max-width: 1800px) 100vw, 1800px\" \/>\t\t\t\t\t\t\t\t\t\t\t\t\t\t\t<\/div>\n\t\t\t\t<\/div>\n\t\t\t\t<div class=\"elementor-element elementor-element-9c20381 elementor-hidden-desktop elementor-hidden-tablet elementor-widget elementor-widget-image\" data-id=\"9c20381\" data-element_type=\"widget\" data-widget_type=\"image.default\">\n\t\t\t\t<div class=\"elementor-widget-container\">\n\t\t\t\t\t\t\t\t\t\t\t\t\t\t\t<img decoding=\"async\" width=\"809\" height=\"4511\" src=\"https:\/\/www.vinpac.com.ar\/wp-content\/uploads\/2023\/11\/Cuadro-eng-m.png\" class=\"attachment-full size-full wp-image-1503\" alt=\"\" srcset=\"https:\/\/www.vinpac.com.ar\/wp-content\/uploads\/2023\/11\/Cuadro-eng-m.png 809w, https:\/\/www.vinpac.com.ar\/wp-content\/uploads\/2023\/11\/Cuadro-eng-m-54x300.png 54w, https:\/\/www.vinpac.com.ar\/wp-content\/uploads\/2023\/11\/Cuadro-eng-m-768x4282.png 768w\" sizes=\"(max-width: 809px) 100vw, 809px\" \/>\t\t\t\t\t\t\t\t\t\t\t\t\t\t\t<\/div>\n\t\t\t\t<\/div>\n\t\t\t\t<\/div>\n\t\t<div class=\"elementor-element elementor-element-b6bf889 e-con-full e-flex e-con e-child\" data-id=\"b6bf889\" data-element_type=\"container\" data-settings=\"{&quot;content_width&quot;:&quot;full&quot;}\">\n\t\t\t\t<div class=\"elementor-element elementor-element-09ad718 elementor-widget elementor-widget-text-editor\" data-id=\"09ad718\" data-element_type=\"widget\" data-widget_type=\"text-editor.default\">\n\t\t\t\t<div class=\"elementor-widget-container\">\n\t\t\t\t\t\t\tNota: Seg\u00fan los materiales y la \u00e9poca de construcci\u00f3n de cada contenedor, estas cifras pueden variar \nligeramente.\t\t\t\t\t\t<\/div>\n\t\t\t\t<\/div>\n\t\t\t\t<\/div>\n\t\t\t\t\t<\/div>\n\t\t\t\t<\/div>\n\t\t<div class=\"elementor-element elementor-element-f6f07eb e-flex e-con-boxed elementor-invisible e-con e-parent\" data-id=\"f6f07eb\" data-element_type=\"container\" data-settings=\"{&quot;animation&quot;:&quot;fadeInRight&quot;,&quot;animation_delay&quot;:400,&quot;content_width&quot;:&quot;boxed&quot;}\" data-core-v316-plus=\"true\">\n\t\t\t\t\t<div class=\"e-con-inner\">\n\t\t<div class=\"elementor-element elementor-element-3bc03d4 e-con-full e-flex e-con e-child\" data-id=\"3bc03d4\" data-element_type=\"container\" data-settings=\"{&quot;content_width&quot;:&quot;full&quot;}\">\n\t\t\t\t<div class=\"elementor-element elementor-element-61abc95 elementor-widget elementor-widget-heading\" data-id=\"61abc95\" data-element_type=\"widget\" data-widget_type=\"heading.default\">\n\t\t\t\t<div class=\"elementor-widget-container\">\n\t\t\t<h3 class=\"elementor-heading-title elementor-size-default\">MEMBER OF<\/h3>\t\t<\/div>\n\t\t\t\t<\/div>\n\t\t\t\t<\/div>\n\t\t<div class=\"elementor-element elementor-element-f31f392 e-con-full e-flex e-con e-child\" data-id=\"f31f392\" data-element_type=\"container\" data-settings=\"{&quot;content_width&quot;:&quot;full&quot;}\">\n\t\t\t\t<div class=\"elementor-element elementor-element-3120cce elementor-widget-divider--view-line elementor-widget elementor-widget-divider\" data-id=\"3120cce\" data-element_type=\"widget\" data-widget_type=\"divider.default\">\n\t\t\t\t<div class=\"elementor-widget-container\">\n\t\t\t\t\t<div class=\"elementor-divider\">\n\t\t\t<span class=\"elementor-divider-separator\">\n\t\t\t\t\t\t<\/span>\n\t\t<\/div>\n\t\t\t\t<\/div>\n\t\t\t\t<\/div>\n\t\t\t\t<\/div>\n\t\t\t\t\t<\/div>\n\t\t\t\t<\/div>\n\t\t<div class=\"elementor-element elementor-element-18dd4ec e-con-full e-flex elementor-invisible e-con e-parent\" data-id=\"18dd4ec\" data-element_type=\"container\" data-settings=\"{&quot;content_width&quot;:&quot;full&quot;,&quot;animation&quot;:&quot;zoomIn&quot;,&quot;animation_delay&quot;:500}\" data-core-v316-plus=\"true\">\n\t\t<div class=\"elementor-element elementor-element-1ed35c1 e-con-full e-flex e-con e-child\" data-id=\"1ed35c1\" data-element_type=\"container\" data-settings=\"{&quot;content_width&quot;:&quot;full&quot;}\">\n\t\t\t\t<div class=\"elementor-element elementor-element-f51107e elementor-widget elementor-widget-image\" data-id=\"f51107e\" data-element_type=\"widget\" data-widget_type=\"image.default\">\n\t\t\t\t<div class=\"elementor-widget-container\">\n\t\t\t\t\t\t\t\t\t\t\t\t\t\t\t<img decoding=\"async\" width=\"680\" height=\"340\" src=\"https:\/\/www.vinpac.com.ar\/wp-content\/uploads\/2023\/11\/logo1.png\" class=\"attachment-large size-large wp-image-785\" alt=\"\" srcset=\"https:\/\/www.vinpac.com.ar\/wp-content\/uploads\/2023\/11\/logo1.png 680w, https:\/\/www.vinpac.com.ar\/wp-content\/uploads\/2023\/11\/logo1-300x150.png 300w\" sizes=\"(max-width: 680px) 100vw, 680px\" \/>\t\t\t\t\t\t\t\t\t\t\t\t\t\t\t<\/div>\n\t\t\t\t<\/div>\n\t\t\t\t<\/div>\n\t\t<div class=\"elementor-element elementor-element-cf721e4 e-con-full e-flex e-con e-child\" data-id=\"cf721e4\" data-element_type=\"container\" data-settings=\"{&quot;content_width&quot;:&quot;full&quot;}\">\n\t\t\t\t<div class=\"elementor-element elementor-element-07f7ca7 elementor-widget elementor-widget-image\" data-id=\"07f7ca7\" data-element_type=\"widget\" data-widget_type=\"image.default\">\n\t\t\t\t<div class=\"elementor-widget-container\">\n\t\t\t\t\t\t\t\t\t\t\t\t\t\t\t<img loading=\"lazy\" decoding=\"async\" width=\"680\" height=\"340\" src=\"https:\/\/www.vinpac.com.ar\/wp-content\/uploads\/2023\/11\/logo2.png\" class=\"attachment-large size-large wp-image-787\" alt=\"\" srcset=\"https:\/\/www.vinpac.com.ar\/wp-content\/uploads\/2023\/11\/logo2.png 680w, https:\/\/www.vinpac.com.ar\/wp-content\/uploads\/2023\/11\/logo2-300x150.png 300w\" sizes=\"(max-width: 680px) 100vw, 680px\" \/>\t\t\t\t\t\t\t\t\t\t\t\t\t\t\t<\/div>\n\t\t\t\t<\/div>\n\t\t\t\t<\/div>\n\t\t<div class=\"elementor-element elementor-element-22372bd e-con-full e-flex e-con e-child\" data-id=\"22372bd\" data-element_type=\"container\" data-settings=\"{&quot;content_width&quot;:&quot;full&quot;}\">\n\t\t\t\t<div class=\"elementor-element elementor-element-55c292e elementor-widget elementor-widget-image\" data-id=\"55c292e\" data-element_type=\"widget\" data-widget_type=\"image.default\">\n\t\t\t\t<div class=\"elementor-widget-container\">\n\t\t\t\t\t\t\t\t\t\t\t\t\t\t\t<img loading=\"lazy\" decoding=\"async\" width=\"680\" height=\"340\" src=\"https:\/\/www.vinpac.com.ar\/wp-content\/uploads\/2023\/11\/logo3.png\" class=\"attachment-large size-large wp-image-789\" alt=\"\" srcset=\"https:\/\/www.vinpac.com.ar\/wp-content\/uploads\/2023\/11\/logo3.png 680w, https:\/\/www.vinpac.com.ar\/wp-content\/uploads\/2023\/11\/logo3-300x150.png 300w\" sizes=\"(max-width: 680px) 100vw, 680px\" \/>\t\t\t\t\t\t\t\t\t\t\t\t\t\t\t<\/div>\n\t\t\t\t<\/div>\n\t\t\t\t<\/div>\n\t\t<div class=\"elementor-element elementor-element-6fc0dc3 e-con-full e-flex e-con e-child\" data-id=\"6fc0dc3\" data-element_type=\"container\" data-settings=\"{&quot;content_width&quot;:&quot;full&quot;}\">\n\t\t\t\t<div class=\"elementor-element elementor-element-eca9c5a elementor-widget elementor-widget-image\" data-id=\"eca9c5a\" data-element_type=\"widget\" data-widget_type=\"image.default\">\n\t\t\t\t<div class=\"elementor-widget-container\">\n\t\t\t\t\t\t\t\t\t\t\t\t\t\t\t<img loading=\"lazy\" decoding=\"async\" width=\"680\" height=\"340\" src=\"https:\/\/www.vinpac.com.ar\/wp-content\/uploads\/2023\/11\/logo4.png\" class=\"attachment-large size-large wp-image-791\" alt=\"\" srcset=\"https:\/\/www.vinpac.com.ar\/wp-content\/uploads\/2023\/11\/logo4.png 680w, https:\/\/www.vinpac.com.ar\/wp-content\/uploads\/2023\/11\/logo4-300x150.png 300w\" sizes=\"(max-width: 680px) 100vw, 680px\" \/>\t\t\t\t\t\t\t\t\t\t\t\t\t\t\t<\/div>\n\t\t\t\t<\/div>\n\t\t\t\t<\/div>\n\t\t<div class=\"elementor-element elementor-element-c131ec8 e-con-full e-flex e-con e-child\" data-id=\"c131ec8\" data-element_type=\"container\" data-settings=\"{&quot;content_width&quot;:&quot;full&quot;}\">\n\t\t\t\t<div class=\"elementor-element elementor-element-c14655d elementor-widget elementor-widget-image\" data-id=\"c14655d\" data-element_type=\"widget\" data-widget_type=\"image.default\">\n\t\t\t\t<div class=\"elementor-widget-container\">\n\t\t\t\t\t\t\t\t\t\t\t\t\t\t\t<img loading=\"lazy\" decoding=\"async\" width=\"680\" height=\"340\" src=\"https:\/\/www.vinpac.com.ar\/wp-content\/uploads\/2023\/11\/logo5.png\" class=\"attachment-large size-large wp-image-796\" alt=\"\" srcset=\"https:\/\/www.vinpac.com.ar\/wp-content\/uploads\/2023\/11\/logo5.png 680w, https:\/\/www.vinpac.com.ar\/wp-content\/uploads\/2023\/11\/logo5-300x150.png 300w\" sizes=\"(max-width: 680px) 100vw, 680px\" \/>\t\t\t\t\t\t\t\t\t\t\t\t\t\t\t<\/div>\n\t\t\t\t<\/div>\n\t\t\t\t<\/div>\n\t\t\t\t<\/div>\n\t\t<div class=\"elementor-element elementor-element-b83ba4a e-flex e-con-boxed elementor-invisible e-con e-parent\" data-id=\"b83ba4a\" data-element_type=\"container\" data-settings=\"{&quot;background_background&quot;:&quot;classic&quot;,&quot;animation&quot;:&quot;fadeInUp&quot;,&quot;animation_delay&quot;:500,&quot;content_width&quot;:&quot;boxed&quot;}\" data-core-v316-plus=\"true\">\n\t\t\t\t\t<div class=\"e-con-inner\">\n\t\t<div class=\"elementor-element elementor-element-72ab6d8 e-con-full e-flex e-con e-child\" data-id=\"72ab6d8\" data-element_type=\"container\" data-settings=\"{&quot;content_width&quot;:&quot;full&quot;}\">\n\t\t\t\t<div class=\"elementor-element elementor-element-79746ea elementor-widget elementor-widget-heading\" data-id=\"79746ea\" data-element_type=\"widget\" data-widget_type=\"heading.default\">\n\t\t\t\t<div class=\"elementor-widget-container\">\n\t\t\t<h3 class=\"elementor-heading-title elementor-size-default\">Linking the \nworld together<\/h3>\t\t<\/div>\n\t\t\t\t<\/div>\n\t\t\t\t<div class=\"elementor-element elementor-element-ddee80e elementor-mobile-align-center elementor-widget elementor-widget-button\" data-id=\"ddee80e\" data-element_type=\"widget\" data-widget_type=\"button.default\">\n\t\t\t\t<div class=\"elementor-widget-container\">\n\t\t\t\t\t<div class=\"elementor-button-wrapper\">\n\t\t\t<a class=\"elementor-button elementor-button-link elementor-size-md\" href=\"https:\/\/www.vinpac.com.ar\/en\/nosotros\/\">\n\t\t\t\t\t\t<span class=\"elementor-button-content-wrapper\">\n\t\t\t\t\t\t<span class=\"elementor-button-text\">View more<\/span>\n\t\t<\/span>\n\t\t\t\t\t<\/a>\n\t\t<\/div>\n\t\t\t\t<\/div>\n\t\t\t\t<\/div>\n\t\t\t\t<\/div>\n\t\t\t\t\t<\/div>\n\t\t\t\t<\/div>\n\t\t\t\t\t\t\t<\/div>\n\t\t","protected":false},"excerpt":{"rendered":"<p>TOOLS Types of containers Nota: Seg\u00fan los materiales y la \u00e9poca de construcci\u00f3n de cada contenedor, estas cifras pueden variar ligeramente. MEMBER OF Linking the world together View more<\/p>\n","protected":false},"author":1,"featured_media":0,"parent":0,"menu_order":0,"comment_status":"closed","ping_status":"closed","template":"elementor_header_footer","meta":{"inline_featured_image":false,"footnotes":""},"_links":{"self":[{"href":"https:\/\/www.vinpac.com.ar\/en\/wp-json\/wp\/v2\/pages\/1418"}],"collection":[{"href":"https:\/\/www.vinpac.com.ar\/en\/wp-json\/wp\/v2\/pages"}],"about":[{"href":"https:\/\/www.vinpac.com.ar\/en\/wp-json\/wp\/v2\/types\/page"}],"author":[{"embeddable":true,"href":"https:\/\/www.vinpac.com.ar\/en\/wp-json\/wp\/v2\/users\/1"}],"replies":[{"embeddable":true,"href":"https:\/\/www.vinpac.com.ar\/en\/wp-json\/wp\/v2\/comments?post=1418"}],"version-history":[{"count":10,"href":"https:\/\/www.vinpac.com.ar\/en\/wp-json\/wp\/v2\/pages\/1418\/revisions"}],"predecessor-version":[{"id":1508,"href":"https:\/\/www.vinpac.com.ar\/en\/wp-json\/wp\/v2\/pages\/1418\/revisions\/1508"}],"wp:attachment":[{"href":"https:\/\/www.vinpac.com.ar\/en\/wp-json\/wp\/v2\/media?parent=1418"}],"curies":[{"name":"wp","href":"https:\/\/api.w.org\/{rel}","templated":true}]}}